{"id":149,"date":"2023-05-10T11:29:13","date_gmt":"2023-05-10T09:29:13","guid":{"rendered":"http:\/\/translations4people.com\/?page_id=149"},"modified":"2023-06-28T11:43:57","modified_gmt":"2023-06-28T09:43:57","slug":"home-page","status":"publish","type":"page","link":"https:\/\/translations4people.com\/","title":{"rendered":"Effizient\u2026 anleiten beschreiben vermitteln lehren"},"content":{"rendered":"\n<div class=\"wp-block-columns section1 has-nv-light-bg-background-color has-background is-layout-flex wp-container-core-columns-is-layout-9d6595d7 wp-block-columns-is-layout-flex\">\n<div class=\"wp-block-column is-vertically-aligned-center is-layout-flow wp-block-column-is-layout-flow\" style=\"flex-basis:960px\">\n<p class=\"has-nv-light-bg-background-color has-background\">Sie haben sicher schon viele Unternehmensgeschichten gelesen! Wir werden Sie hier nicht mit noch einer Unternehmensgeschichte langweilen! Also kurz und b\u00fcndig:<\/p>\n<\/div>\n\n\n\n<div class=\"wp-block-column is-vertically-aligned-center is-layout-flow wp-block-column-is-layout-flow\" style=\"flex-basis:960px\">\n<h4 class=\"wp-block-heading has-neve-link-hover-color-color has-text-color\">WIR MACHEN KOMPLEXES EINFACH!<\/h4>\n\n\n\n<p><strong>WIR MACHEN KOMPLEXES EINFACH <\/strong>ist der Leitgedanke, den sich die fourpeople \u00ae gmbh seit mehr als zwei Jahrzehnten als Full-Service-Dienstleistungsunternehmen auf die Fahne geschrieben hat. Unser enormes multilinguales Leistungsspektrum im Bereich der Technischen Dokumentation f\u00fchrte uns seit dem Jahre 2002 zu einer fruchtbaren Zusammenarbeit mit gro\u00dfen Konzernen sowie kleinen und mittelst\u00e4ndischen Unternehmen!<\/p>\n\n\n\n<p><strong>Mehr als 20 Jahre Erfahrung und \u00fcber 3000 abgeschlossene Projekte machen uns zu Experten!<\/strong><\/p>\n<\/div>\n<\/div>\n\n\n\n<div class=\"wp-block-columns has-nv-text-dark-bg-background-color has-background is-layout-flex wp-container-core-columns-is-layout-9d6595d7 wp-block-columns-is-layout-flex\">\n<div class=\"wp-block-column is-layout-flow wp-block-column-is-layout-flow\">\n<h2 class=\"wp-block-heading has-text-align-left\"><a id=\"uber-uns\" data-type=\"internal\" data-id=\"uber-uns\">\u00dcber Uns<\/a><\/h2>\n<\/div>\n<\/div>\n\n\n\n<div class=\"wp-block-columns section2 has-nv-site-bg-background-color has-background is-layout-flex wp-container-core-columns-is-layout-9d6595d7 wp-block-columns-is-layout-flex\">\n<div class=\"wp-block-column is-layout-flow wp-block-column-is-layout-flow\">\n<figure class=\"wp-block-image size-large\"><img loading=\"lazy\" decoding=\"async\" width=\"1024\" height=\"683\" src=\"http:\/\/translations4people.com\/wp-content\/uploads\/2023\/05\/2-uber-uns-1024x683.jpg\" alt=\"Uber Uns\" class=\"wp-image-222\" srcset=\"https:\/\/translations4people.com\/wp-content\/uploads\/2023\/05\/2-uber-uns-1024x683.jpg 1024w, https:\/\/translations4people.com\/wp-content\/uploads\/2023\/05\/2-uber-uns-300x200.jpg 300w, https:\/\/translations4people.com\/wp-content\/uploads\/2023\/05\/2-uber-uns-768x512.jpg 768w, https:\/\/translations4people.com\/wp-content\/uploads\/2023\/05\/2-uber-uns-930x620.jpg 930w, https:\/\/translations4people.com\/wp-content\/uploads\/2023\/05\/2-uber-uns.jpg 1200w\" sizes=\"auto, (max-width: 1024px) 100vw, 1024px\" \/><\/figure>\n<\/div>\n\n\n\n<div class=\"wp-block-column is-layout-flow wp-block-column-is-layout-flow\">\n<p>Mit einem durchdachten und ausgewogenen Konzept ist die fourpeople \u00ae gmbh seit 2002 zu einem Full-Service-Unternehmen rund um die Internationale Technische Dokumentation und Schulungen gewachsen.<\/p>\n\n\n\n<p>Best\u00e4ndigkeit, Kontinuit\u00e4t und Zuverl\u00e4ssigkeit sind Werte auf die wir von Anfang an gesetzt haben. Auf der Basis dieser Werte erarbeiten wir heute L\u00f6sungen, die Ihre komplexen Produkte verst\u00e4ndlicher und effizienter machen.<\/p>\n\n\n\n<p>Heitere Gr\u00fc\u00dfe und einen tollen Tag w\u00fcnschen Dagmar Schwarz, Gesch\u00e4ftsf\u00fchrerin und Jos\u00e9 Delgado Neira, Gesch\u00e4ftsf\u00fchrer.<\/p>\n<\/div>\n<\/div>\n\n\n\n<div class=\"wp-block-columns has-nv-text-dark-bg-background-color has-background is-layout-flex wp-container-core-columns-is-layout-9d6595d7 wp-block-columns-is-layout-flex\">\n<div class=\"wp-block-column is-layout-flow wp-block-column-is-layout-flow\">\n<h2 class=\"wp-block-heading\"><a id=\"leistungen\">Leistungen<\/a><\/h2>\n\n\n\n<p>Mehr als 20 Jahre Erfahrung und \u00fcber 3000 abgeschlossene Projekte machen uns zu Experten in den Bereichen: Technische Dokumentation, \u00dcbersetzung, Schulung und Beratung!<\/p>\n<\/div>\n<\/div>\n\n\n\n<div class=\"wp-block-columns section3 has-nv-light-bg-background-color has-background is-layout-flex wp-container-core-columns-is-layout-9d6595d7 wp-block-columns-is-layout-flex\">\n<div class=\"wp-block-column is-layout-flow wp-block-column-is-layout-flow\">\n<h3 class=\"wp-block-heading\">Technische Dokumentation<\/h3>\n\n\n\n<div class=\"wp-block-columns is-layout-flex wp-container-core-columns-is-layout-9d6595d7 wp-block-columns-is-layout-flex\">\n<div class=\"wp-block-column is-layout-flow wp-block-column-is-layout-flow\">\n<p><strong>Wer Technische Dokumentation erstellt, tr\u00e4gt Verantwortung!<\/strong><\/p>\n\n\n\n<p>Seit 2002 tragen wir gern die Verantwortung und freuen uns, wenn Sie Ihre hochwertigen Produkte mit hochwertiger Dokumentation ausstatten m\u00f6chten \u2026 und wenn Sie einen langfristigen kompetenten Partner f\u00fcr Ihr Vorhaben suchen, gratulieren wir: Sie sind soeben f\u00fcndig geworden.<\/p>\n<\/div>\n\n\n\n<div class=\"wp-block-column is-layout-flow wp-block-column-is-layout-flow\">\n<div class=\"wp-block-columns is-layout-flex wp-container-core-columns-is-layout-9d6595d7 wp-block-columns-is-layout-flex\">\n<div class=\"wp-block-column is-vertically-aligned-top is-layout-flow wp-block-column-is-layout-flow\"><div class=\"wp-block-image\">\n<figure class=\"aligncenter size-thumbnail\"><img loading=\"lazy\" decoding=\"async\" width=\"150\" height=\"150\" src=\"http:\/\/translations4people.com\/wp-content\/uploads\/2023\/05\/3-delgado-150x150.jpg\" alt=\"Jos\u00e9 Delgado Neira\" class=\"wp-image-237\"\/><\/figure>\n<\/div><\/div>\n\n\n\n<div class=\"wp-block-column is-vertically-aligned-center is-layout-flow wp-block-column-is-layout-flow\">\n<p class=\"has-text-align-left\">Ihr Ansprechpartner:<br>Jos\u00e9 Delgado Neira<br>Tel.: <a href=\"tel:0049838227729943\" data-type=\"page\" data-id=\"342\" class=\"telefon\">0049 (0) 8382 277 299&nbsp;43<\/a><br>delgado@fourpeople.de<\/p>\n<\/div>\n<\/div>\n<\/div>\n<\/div>\n\n\n\n<div class=\"wp-block-columns has-nv-light-bg-background-color has-background is-layout-flex wp-container-core-columns-is-layout-9d6595d7 wp-block-columns-is-layout-flex\">\n<div class=\"wp-block-column is-layout-flow wp-block-column-is-layout-flow\">\n<p><strong>Schon Sokrates wusste:<\/strong><\/p>\n\n\n\n<p>Wenn Du etwas weitersagen willst, so seihe es zuerst durch drei Siebe:<\/p>\n\n\n\n<ul class=\"wp-block-list\">\n<li>Das Erste l\u00e4sst nur das Wahre durch.<\/li>\n\n\n\n<li>Das Zweite l\u00e4sst nur das Gute hindurch.<\/li>\n\n\n\n<li>Das Dritte l\u00e4sst nur das Notwendige hindurch.<\/li>\n\n\n\n<li>Was durch alle drei Siebe hindurchging, das magst du weitersagen.<\/li>\n<\/ul>\n<\/div>\n\n\n\n<div class=\"wp-block-column is-layout-flow wp-block-column-is-layout-flow\">\n<p><strong>Wir wissen:<\/strong><\/p>\n\n\n\n<p>Technische Dokumentation muss, um wirtschaftlich zu sein, drei Anforderungen entsprechen:<\/p>\n\n\n\n<ul class=\"wp-block-list\">\n<li>Gesetzeskonformit\u00e4t<\/li>\n\n\n\n<li>Anwenderfreundlichkeit<\/li>\n\n\n\n<li>\u00dcbersetzungseffizienz<\/li>\n\n\n\n<li>Technische Dokumentationen aus unserer Hand erf\u00fcllen dies und sind deshalb:<\/li>\n\n\n\n<li><strong>wirtschaftlich, verst\u00e4ndlich und erstklassig<\/strong>.<\/li>\n<\/ul>\n<\/div>\n<\/div>\n<\/div>\n<\/div>\n\n\n\n<div class=\"wp-block-columns subsection has-nv-light-bg-background-color has-background is-layout-flex wp-container-core-columns-is-layout-9d6595d7 wp-block-columns-is-layout-flex\">\n<div class=\"wp-block-column is-layout-flow wp-block-column-is-layout-flow\">\n<h3 class=\"wp-block-heading\">\u00dcbersetzung<\/h3>\n\n\n\n<p>Nach mehr als 20 Jahren haben wir so einige Sprachen auf Lager!<\/p>\n\n\n\n<div class=\"wp-block-columns is-layout-flex wp-container-core-columns-is-layout-9d6595d7 wp-block-columns-is-layout-flex\">\n<div class=\"wp-block-column is-layout-flow wp-block-column-is-layout-flow\" style=\"flex-basis:50%\">\n<p>Wir \u00fcbersetzen Ihre Texte. Ihre Technischen Dokumentationen in 60 Sprachen, aber auch die \u00dcbersetzung werblicher Texte geh\u00f6rt zu unseren Leistungen.<\/p>\n\n\n\n<p>Am besten kontaktieren Sie <strong>unsere \u00dcbersetzungsmanagerin<\/strong>, die Ihnen gern erl\u00e4utert, auf was es zu achten gilt und wie er beste Weg zu einer guten, preisgerechten \u00dcbersetzung aussieht.<\/p>\n<\/div>\n\n\n\n<div class=\"wp-block-column is-layout-flow wp-block-column-is-layout-flow\" style=\"flex-basis:50%\">\n<div class=\"wp-block-columns is-layout-flex wp-container-core-columns-is-layout-9d6595d7 wp-block-columns-is-layout-flex\">\n<div class=\"wp-block-column is-vertically-aligned-center is-layout-flow wp-block-column-is-layout-flow\"><div class=\"wp-block-image\">\n<figure class=\"aligncenter size-thumbnail\"><img loading=\"lazy\" decoding=\"async\" width=\"150\" height=\"150\" src=\"https:\/\/translations4people.com\/wp-content\/uploads\/2023\/05\/Iza-2-4C-150x150.jpg\" alt=\"Izabela Grasl\" class=\"wp-image-322\"\/><\/figure>\n<\/div><\/div>\n\n\n\n<div class=\"wp-block-column is-vertically-aligned-center is-layout-flow wp-block-column-is-layout-flow\">\n<p class=\"has-text-align-left\">Ihre Ansprechpartnerin:<br>Izabela Grassl<br>Tel.: <a href=\"tel:00498382277 2990\" data-type=\"tel\" data-id=\"tel: 0049 8382 277 299 49\" class=\"telefon\">0049 (0) 8382 277 299 0<\/a><br>i.grassl@fourpeople.de<\/p>\n<\/div>\n<\/div>\n<\/div>\n<\/div>\n<\/div>\n<\/div>\n\n\n\n<div class=\"wp-block-columns subsection has-nv-light-bg-background-color has-background is-layout-flex wp-container-core-columns-is-layout-9d6595d7 wp-block-columns-is-layout-flex\">\n<div class=\"wp-block-column is-layout-flow wp-block-column-is-layout-flow\">\n<h3 class=\"wp-block-heading\">Schulung<\/h3>\n\n\n\n<div class=\"wp-block-columns is-layout-flex wp-container-core-columns-is-layout-9d6595d7 wp-block-columns-is-layout-flex\">\n<div class=\"wp-block-column is-layout-flow wp-block-column-is-layout-flow\" style=\"flex-basis:50%\">\n<p>Technik, Methodik und Didaktik sind miteinander eng verbunden. In unseren Seminaren und Workshops finden alle drei Bereiche konsequente Beachtung und Anwendung.<\/p>\n\n\n\n<p>Die fourpeople\u00ae gmbh bietet Seminare und Workshops an. Wir besuchen Sie und f\u00fchren innerbetriebliche (Inhouse) Seminare und Workshops durch. F\u00fcr diese Schulungen vereinbaren wir mit Ihnen die Termine, die pr\u00e4zisen Inhalte, angepasst an Zielgruppe und verfolgten Zielen!<\/p>\n<\/div>\n\n\n\n<div class=\"wp-block-column is-layout-flow wp-block-column-is-layout-flow\" style=\"flex-basis:50%\">\n<div class=\"wp-block-columns is-layout-flex wp-container-core-columns-is-layout-9d6595d7 wp-block-columns-is-layout-flex\">\n<div class=\"wp-block-column is-vertically-aligned-center is-layout-flow wp-block-column-is-layout-flow\"><div class=\"wp-block-image\">\n<figure class=\"aligncenter size-thumbnail\"><img loading=\"lazy\" decoding=\"async\" width=\"150\" height=\"150\" src=\"http:\/\/translations4people.com\/wp-content\/uploads\/2023\/05\/4-dagmar-150x150.jpg\" alt=\"Dagmar Schwarz\" class=\"wp-image-245\"\/><\/figure>\n<\/div><\/div>\n\n\n\n<div class=\"wp-block-column is-vertically-aligned-center is-layout-flow wp-block-column-is-layout-flow\">\n<p class=\"has-text-align-left\">Ihre Ansprechpartnerin:<br>Dagmar Schwarz<br>Tel.: <a href=\"tel:0049838227729942\" data-type=\"tel\" data-id=\"tel:0049 8382 277 299 42\" class=\"telefon\">0049 (0) 8382 277 299 42<\/a><br>Mobil:<a href=\"tel:0049 175 59 56 395\" data-type=\"tel\" data-id=\"tel:0049 175 59 56 395\"> <\/a>0049 (0) 175 59 56 395<br>schwarz@fourpeople.de<\/p>\n<\/div>\n<\/div>\n<\/div>\n<\/div>\n\n\n\n<div class=\"wp-block-columns is-layout-flex wp-container-core-columns-is-layout-9d6595d7 wp-block-columns-is-layout-flex\">\n<div class=\"wp-block-column is-layout-flow wp-block-column-is-layout-flow\">\n<p>Das Programm f\u00fcr eine Weiterbildungsma\u00dfnahme wird in enger Zusammenarbeit mit Ihnen auf W\u00fcnsche und Bed\u00fcrfnisse der Teilnehmer abgestimmt. Sowohl der organisatorische Rahmen als auch die zu bearbeitenden Themenbereiche werden dem individuellen Profil der Teilnehmergruppe angepasst. Unsere praxisnahe und l\u00f6sungsorientierte Arbeitsmethode bezieht die institutionellen und kundenspezifischen Bedingungen mit ein.<\/p>\n<\/div>\n\n\n\n<div class=\"wp-block-column is-layout-flow wp-block-column-is-layout-flow\">\n<p>Unabh\u00e4ngig der gesetzten Ziele wird durch handlungsorientiertes Arbeiten garantiert, dass Erarbeitetes sofort effizienter und unmittelbar im allt\u00e4glichen Arbeiten genutzt werden kann. Warum handlungsorientiert arbeiten? Damit durch inwendiges Lernen das Erarbeitete sofort effizienter und unmittelbar im allt\u00e4glichen Arbeiten genutzt werden kann.<\/p>\n\n\n\n<p>Wir geben unser Wissen gerne an Sie weiter.<\/p>\n<\/div>\n<\/div>\n\n\n\n<p class=\"has-text-align-center has-medium-font-size\"><em><strong>\u201eEin jeder lernt nur, was er lernen kann, \u2026\u201c sagte Goethe.<\/strong><\/em><\/p>\n<\/div>\n<\/div>\n\n\n\n<div class=\"wp-block-columns subsection has-nv-light-bg-background-color has-background is-layout-flex wp-container-core-columns-is-layout-9d6595d7 wp-block-columns-is-layout-flex\">\n<div class=\"wp-block-column is-layout-flow wp-block-column-is-layout-flow\">\n<h3 class=\"wp-block-heading\">Beratung<\/h3>\n\n\n\n<div class=\"wp-block-columns is-layout-flex wp-container-core-columns-is-layout-9d6595d7 wp-block-columns-is-layout-flex\">\n<div class=\"wp-block-column is-layout-flow wp-block-column-is-layout-flow\" style=\"flex-basis:50%\">\n<p>Zerbrechen Sie sich nicht den Kopf bis Sie alt und grau sind. Profitieren Sie aus \u00fcber 20 Jahren Erfahrung! Fragen Sie uns!<\/p>\n\n\n\n<figure class=\"wp-block-image size-large is-resized\"><img loading=\"lazy\" decoding=\"async\" src=\"http:\/\/translations4people.com\/wp-content\/uploads\/2023\/05\/Beratung-1024x683.jpg\" alt=\"Beratung\" class=\"wp-image-249\" width=\"530\" height=\"353\" srcset=\"https:\/\/translations4people.com\/wp-content\/uploads\/2023\/05\/Beratung-1024x683.jpg 1024w, https:\/\/translations4people.com\/wp-content\/uploads\/2023\/05\/Beratung-300x200.jpg 300w, https:\/\/translations4people.com\/wp-content\/uploads\/2023\/05\/Beratung-768x513.jpg 768w, https:\/\/translations4people.com\/wp-content\/uploads\/2023\/05\/Beratung-1536x1025.jpg 1536w, https:\/\/translations4people.com\/wp-content\/uploads\/2023\/05\/Beratung-2048x1367.jpg 2048w, https:\/\/translations4people.com\/wp-content\/uploads\/2023\/05\/Beratung-930x620.jpg 930w\" sizes=\"auto, (max-width: 530px) 100vw, 530px\" \/><\/figure>\n<\/div>\n\n\n\n<div class=\"wp-block-column is-layout-flow wp-block-column-is-layout-flow\" style=\"flex-basis:50%\">\n<p>Wir kommen gern zu Ihnen und eruieren wie unsere Kompetenzen zu L\u00f6sungen verhelfen k\u00f6nnen.<\/p>\n\n\n\n<p>Die fourpeople \u00ae gmbh betrachtet f\u00fcr Sie gern das Thema Dokumentation aus den unterschiedlichsten Blickwinkeln. Fragen, ob und in wie weit Ihre Dokumentation gesetzeskonform ist, ob Marketingaspekte beachtet werden und ob die Dokumentationserstellung kosteneffizient erfolgt, sind f\u00fcr die Berater der fourpeople \u00ae gmbh Aufgabenstellungen, die mit gr\u00f6\u00dfter Sorgfalt eruiert werden.<\/p>\n\n\n\n<ul class=\"wp-block-list\">\n<li>Analyse und Optimierung Ihrer Dokumentation<\/li>\n\n\n\n<li>Gesamtbetrachtung zur Beurteilung und Optimierung Ihrer Dokumentationsprozesse<\/li>\n\n\n\n<li>Entwicklung von Leitf\u00e4den und Konzepten f\u00fcr eine zukunftssichere Dokumentation<\/li>\n<\/ul>\n<\/div>\n<\/div>\n<\/div>\n<\/div>\n\n\n\n<div class=\"wp-block-columns subsection has-nv-light-bg-background-color has-background is-layout-flex wp-container-core-columns-is-layout-9d6595d7 wp-block-columns-is-layout-flex\">\n<div class=\"wp-block-column is-layout-flow wp-block-column-is-layout-flow\">\n<h3 class=\"wp-block-heading\">Specials<\/h3>\n\n\n\n<div class=\"wp-block-columns is-layout-flex wp-container-core-columns-is-layout-9d6595d7 wp-block-columns-is-layout-flex\">\n<div class=\"wp-block-column is-layout-flow wp-block-column-is-layout-flow\"><div class=\"wp-block-image\">\n<figure class=\"aligncenter size-full is-resized\"><img loading=\"lazy\" decoding=\"async\" src=\"http:\/\/translations4people.com\/wp-content\/uploads\/2023\/05\/diagram.png\" alt=\"Diagram\" class=\"wp-image-252\" width=\"438\" height=\"328\" srcset=\"https:\/\/translations4people.com\/wp-content\/uploads\/2023\/05\/diagram.png 533w, https:\/\/translations4people.com\/wp-content\/uploads\/2023\/05\/diagram-300x225.png 300w\" sizes=\"auto, (max-width: 438px) 100vw, 438px\" \/><\/figure>\n<\/div><\/div>\n\n\n\n<div class=\"wp-block-column is-vertically-aligned-center is-layout-flow wp-block-column-is-layout-flow\">\n<p><strong>Fourpeople-Enabling<\/strong><\/p>\n\n\n\n<p>Um eine effiziente Redaktionsabteilung in Ihrem Unternehmen zur Erstellung hochqualitativer Dokumentationen aufzubauen oder die bestehende zu optimieren, entwickelte die fourpeople \u00ae gmbh das Enabling-Verfahren, welches wir gern detalliert mit Ihnen eruieren.<\/p>\n<\/div>\n<\/div>\n<\/div>\n<\/div>\n\n\n\n<div class=\"wp-block-columns subsection has-nv-light-bg-background-color has-background is-layout-flex wp-container-core-columns-is-layout-9d6595d7 wp-block-columns-is-layout-flex\">\n<div class=\"wp-block-column is-layout-flow wp-block-column-is-layout-flow\">\n<h3 class=\"wp-block-heading\">Geschichte<\/h3>\n\n\n\n<div class=\"wp-block-columns is-layout-flex wp-container-core-columns-is-layout-9d6595d7 wp-block-columns-is-layout-flex\">\n<div class=\"wp-block-column is-layout-flow wp-block-column-is-layout-flow\"><div class=\"wp-block-image\">\n<figure class=\"aligncenter size-full\"><img loading=\"lazy\" decoding=\"async\" width=\"960\" height=\"720\" src=\"https:\/\/translations4people.com\/wp-content\/uploads\/2023\/06\/Fourpeople-Firmenpras.png\" alt=\"\" class=\"wp-image-325\" srcset=\"https:\/\/translations4people.com\/wp-content\/uploads\/2023\/06\/Fourpeople-Firmenpras.png 960w, https:\/\/translations4people.com\/wp-content\/uploads\/2023\/06\/Fourpeople-Firmenpras-300x225.png 300w, https:\/\/translations4people.com\/wp-content\/uploads\/2023\/06\/Fourpeople-Firmenpras-768x576.png 768w\" sizes=\"auto, (max-width: 960px) 100vw, 960px\" \/><\/figure>\n<\/div><\/div>\n<\/div>\n<\/div>\n<\/div>\n\n\n\n<div class=\"wp-block-columns has-nv-light-bg-background-color has-background is-layout-flex wp-container-core-columns-is-layout-9d6595d7 wp-block-columns-is-layout-flex\">\n<div class=\"wp-block-column is-layout-flow wp-block-column-is-layout-flow\">\n<h2 class=\"wp-block-heading section3\"><a id=\"kontakt\">Kontakt<\/a><\/h2>\n\n\n\n<p><strong>fourpeople \u00ae gmbh<\/strong><br>Krummgasse 6<br>88131 Lindau<br>Deutschland<\/p>\n\n\n\n<p>Tel.: <a href=\"tel:004983822772990\">0049 (0) 8382 277 299 0<\/a><br>info@fourpeople.de<\/p>\n<\/div>\n<\/div>\n\n\n\n<div class=\"wp-block-columns has-nv-text-dark-bg-background-color has-background is-layout-flex wp-container-core-columns-is-layout-9d6595d7 wp-block-columns-is-layout-flex\">\n<div class=\"wp-block-column is-layout-flow wp-block-column-is-layout-flow\">\n<h2 class=\"wp-block-heading\"><a id=\"referenzen\">Referenzen<\/a><\/h2>\n\n\n\n<p><em>\u201eBei Fourpeople ist Qualit\u00e4t auf h\u00f6chstem Niveau gelebte Praxis. Dies erlebe ich stets bei der Zusammenarbeit mit Fourpeople. Hierbei zeichnen insbesondere die hohe Fachkompetenz, der Blick f\u00fcr das Wesentliche und die enge Abstimmung mit dem Kunden das Team von Fourpeople aus. Zur Zielerreichung begleiten zertifizierte Standardabl\u00e4ufe den Prozess und sichern somit eine gleichbleibend hohe Ergebnisqualit\u00e4t ohne meine individuellen Anforderungen an die Auftragserf\u00fcllung im Sinne der besten technischen Umsetzung aus dem Auge zu verlieren.\u201c<\/em><\/p>\n\n\n\n<p>(Manuela Meske Schubert; Gesch\u00e4ftsf\u00fchrerin Consilianova Management Consulting)<\/p>\n\n\n\n<p><em>\u201eWir arbeiten mit fourpeople seit vielen Jahren auf vielf\u00e4ltiger und wertsch\u00e4tzender Weise zusammen. Neben all der umfangreichen Vermittlung des Expertenwissens, schafft es Fr. Dr. Schwarz in Ihren Schulungen, nicht zuletzt durch die anf\u00e4ngliche Fokussierung auf das essentielle Basiswissens rund um die Technische Dokumentation, das Fundament aber auch das Selbstverst\u00e4ndnis der Technischen Redakteur:innen in einer Weise zu formen, die die Grundlage f\u00fcr eine professionelle berufliche Entwicklung auf dem Gebiet darstellt.\u201c<\/em><br><br>(Lukas Auer, Ing. Mag., Abteilungsleiter Technische Dokumentation, Liebherr-MCCtec Rostock GmbH)<\/p>\n<\/div>\n<\/div>\n\n\n\n<div class=\"wp-block-columns has-nv-light-bg-background-color has-background is-layout-flex wp-container-core-columns-is-layout-9d6595d7 wp-block-columns-is-layout-flex\">\n<div class=\"wp-block-column is-layout-flow wp-block-column-is-layout-flow\">\n<h2 class=\"wp-block-heading\"><a id=\"news\">News<\/a><\/h2>\n<\/div>\n<\/div>\n","protected":false},"excerpt":{"rendered":"<p>Sie haben sicher schon viele Unternehmensgeschichten gelesen! Wir werden Sie hier nicht mit noch einer Unternehmensgeschichte langweilen! Also kurz und b\u00fcndig: WIR MACHEN KOMPLEXES EINFACH! WIR MACHEN KOMPLEXES EINFACH ist der Leitgedanke, den sich die fourpeople \u00ae gmbh seit mehr als zwei Jahrzehnten als Full-Service-Dienstleistungsunternehmen auf die Fahne geschrieben hat. Unser enormes multilinguales Leistungsspektrum im&hellip;&nbsp;<a href=\"https:\/\/translations4people.com\/\" class=\"\" rel=\"bookmark\">Czytaj dalej &raquo;<span class=\"screen-reader-text\">Effizient\u2026 anleiten beschreiben vermitteln lehren<\/span><\/a><\/p>\n","protected":false},"author":1,"featured_media":187,"parent":0,"menu_order":0,"comment_status":"closed","ping_status":"closed","template":"","meta":{"neve_meta_sidebar":"","neve_meta_container":"default","neve_meta_enable_content_width":"","neve_meta_content_width":0,"neve_meta_title_alignment":"center","neve_meta_author_avatar":"","neve_post_elements_order":"","neve_meta_disable_header":"","neve_meta_disable_footer":"","neve_meta_disable_title":"","footnotes":""},"class_list":["post-149","page","type-page","status-publish","has-post-thumbnail","hentry"],"_links":{"self":[{"href":"https:\/\/translations4people.com\/index.php\/wp-json\/wp\/v2\/pages\/149","targetHints":{"allow":["GET"]}}],"collection":[{"href":"https:\/\/translations4people.com\/index.php\/wp-json\/wp\/v2\/pages"}],"about":[{"href":"https:\/\/translations4people.com\/index.php\/wp-json\/wp\/v2\/types\/page"}],"author":[{"embeddable":true,"href":"https:\/\/translations4people.com\/index.php\/wp-json\/wp\/v2\/users\/1"}],"replies":[{"embeddable":true,"href":"https:\/\/translations4people.com\/index.php\/wp-json\/wp\/v2\/comments?post=149"}],"version-history":[{"count":106,"href":"https:\/\/translations4people.com\/index.php\/wp-json\/wp\/v2\/pages\/149\/revisions"}],"predecessor-version":[{"id":359,"href":"https:\/\/translations4people.com\/index.php\/wp-json\/wp\/v2\/pages\/149\/revisions\/359"}],"wp:featuredmedia":[{"embeddable":true,"href":"https:\/\/translations4people.com\/index.php\/wp-json\/wp\/v2\/media\/187"}],"wp:attachment":[{"href":"https:\/\/translations4people.com\/index.php\/wp-json\/wp\/v2\/media?parent=149"}],"curies":[{"name":"wp","href":"https:\/\/api.w.org\/{rel}","templated":true}]}}